{"id":2457,"date":"2018-05-14T18:47:27","date_gmt":"2018-05-14T18:47:27","guid":{"rendered":"http:\/\/www.digital21.mx\/sunshine\/?page_id=2457"},"modified":"2021-03-24T14:22:01","modified_gmt":"2021-03-24T14:22:01","slug":"products-services","status":"publish","type":"page","link":"https:\/\/sunshineinternational.us\/es\/products-services\/","title":{"rendered":"PRODUCTOS Y SERVICIOS"},"content":{"rendered":"<div id=\"menu-bg\" class=\"section clearfix bg-image full-width\"  style=\"background-image: url(https:\/\/sunshineinternational.us\/wp-content\/uploads\/2018\/05\/BG2.png);\"  ><div class=\"vc_row\"><div class=\"wpb_column vc_column_container\"  ><div class=\"wpb_wrapper\"><div class=\"vc_empty_space\"  style=\"height: 120px\" ><span class=\"vc_empty_space_inner\"><\/span><\/div>\n<\/div><\/div><\/div><\/div><div id=\"top\" class=\"section clearfix bg-image full-width\"  style=\"background-image: url(https:\/\/sunshineinternational.us\/wp-content\/uploads\/2018\/05\/BG2.png);\"  ><div class=\"container\"><div class=\"vc_row\"><div class=\"contact-form wpb_column vc_column_container vc_col-sm-6\"  ><div class=\"wpb_wrapper\">\t\t\n\t\t<div class=\"special-heading clearfix align-left light\" \n\t\t\t\t\t >\n\n\t\t\t\n\t\t\t\t\t\t\t\t\n\t\t\t\t\t\t\t\t\t<h2 class=\"title\">PRODUCTS &amp;<br \/>\nSERVICIOS<\/h2>\t\t\t\t\t\n\t\t\t\t\n\t\t\t\t\t\t\t\n\n\t\t\t\n\t\t<\/div>\n\n\t\t<\/div><\/div><div class=\"wpb_column vc_column_container vc_col-sm-6\"  ><div class=\"wpb_wrapper\">\n\t<div class=\"wpb_text_column wpb_content_element  contact-txt\"  >\n\t\t<div class=\"wpb_wrapper\">\n\t\t\t<p>Sunshine International se esfuerza por ofrecer productos de alta calidad, divertidos, sabrosos e innovadores para los consumidores. Actualmente ofrecemos variedad de productos a marcas de confianza. Tambi\u00e9n encontrar\u00e1 a continuaci\u00f3n nuestro cat\u00e1logo de productos en l\u00ednea. Si tiene alguna pregunta, no dude en <a href=\"https:\/\/sunshineinternational.us\/contact\/\">contactarnos<\/a>.<\/p>\n\n\t\t<\/div>\n\t<\/div>\n<\/div><\/div><\/div><\/div><\/div><div id=\"work\" class=\"section clearfix bg-image full-width\"  style=\"background-image: url(https:\/\/sunshineinternational.us\/wp-content\/uploads\/2018\/05\/BG2.png);padding-top:50px;padding-bottom:30px;\"  ><div class=\"vc_row\"><div class=\"ps-btn wpb_column vc_column_container vc_col-sm-6\"   style=\"margin-top:30px;\"><div class=\"wpb_wrapper\">\n\t<div class=\"wpb_raw_code wpb_content_element wpb_raw_html\">\n\t\t<div class=\"wpb_wrapper\">\n\t\t\t<a class=\"btn-ps\" href=\"http:\/\/sunshineinternational.us\/products-services\/products\"><div class=\"rot\">PRODUCTOS<\/div><img decoding=\"async\" src=\"http:\/\/sunshineinternational.us\/wp-content\/uploads\/2021\/03\/boton_products-3.23.21.png\"\/><\/a>\n\t\t<\/div>\n\t<\/div>\n<\/div><\/div><div class=\"ps-btn wpb_column vc_column_container vc_col-sm-6\"   style=\"margin-top:30px;\"><div class=\"wpb_wrapper\">\n\t<div class=\"wpb_raw_code wpb_content_element wpb_raw_html\">\n\t\t<div class=\"wpb_wrapper\">\n\t\t\t<a class=\"btn-ps\" href=\"hhttp:\/\/sunshineinternational.us\/products-services\/services\"><div class=\"rot\">SERVICIOS<\/div><img decoding=\"async\" src=\"http:\/\/sunshineinternational.us\/wp-content\/uploads\/2021\/03\/boton_services-3.22.21.png\"\/><\/a>\n\t\t<\/div>\n\t<\/div>\n<\/div><\/div><\/div><\/div><div  class=\"section clearfix bg-image full-width\"  style=\"background-image: url(https:\/\/sunshineinternational.us\/wp-content\/uploads\/2018\/05\/BG2.png);padding-bottom:90px;\"  ><div class=\"container\"><div class=\"vc_row\"><div class=\"wpb_column vc_column_container\"   style=\"margin-top:20px;\"><div class=\"wpb_wrapper\">\t\t\n\t\t<div class=\"special-heading clearfix align-left light\" \n\t\t\t\t\t >\n\n\t\t\t\n\t\t\t\t\t\t\t\t\n\t\t\t\t\t\t\t\t\t<h2 class=\"title\">MARCAS<\/h2>\t\t\t\t\t\n\t\t\t\t\n\t\t\t\t\t\t\t\n\n\t\t\t\n\t\t<\/div>\n\n\t\t<div class=\"vc_empty_space\"  style=\"height: 35px\" ><span class=\"vc_empty_space_inner\"><\/span><\/div>\n<div class=\"vc_row wpb_row vc_inner vc_row-fluid\"><div class=\"wpb_column vc_column_container vc_col-sm-3\"><div class=\"vc_column-inner\"><div class=\"wpb_wrapper\">\n\t<div class=\"wpb_single_image wpb_content_element vc_align_center  wpb_animate_when_almost_visible wpb_fadeInUp fadeInUp vc_custom_1616595306414  cliente\">\n\t\t\n\t\t<figure class=\"wpb_wrapper vc_figure\">\n\t\t\t<a href=\"https:\/\/waffulls.com\/\" target=\"_blank\" class=\"vc_single_image-wrapper   vc_box_border_grey\"><\/a>\n\t\t<\/figure>\n\t<\/div>\n\n\t<div class=\"wpb_single_image wpb_content_element vc_align_center  wpb_animate_when_almost_visible wpb_fadeInUp fadeInUp vc_custom_1616595372528  cliente\">\n\t\t\n\t\t<figure class=\"wpb_wrapper vc_figure\">\n\t\t\t<a href=\"https:\/\/www.prismamexico.com\" target=\"_blank\" class=\"vc_single_image-wrapper   vc_box_border_grey\"><img loading=\"lazy\" decoding=\"async\" width=\"300\" height=\"232\" src=\"https:\/\/sunshineinternational.us\/wp-content\/uploads\/2021\/03\/Tamborines-300x232.png\" class=\"vc_single_image-img attachment-medium\" alt=\"\" srcset=\"https:\/\/sunshineinternational.us\/wp-content\/uploads\/2021\/03\/Tamborines-300x232.png 300w, https:\/\/sunshineinternational.us\/wp-content\/uploads\/2021\/03\/Tamborines-768x593.png 768w, https:\/\/sunshineinternational.us\/wp-content\/uploads\/2021\/03\/Tamborines.png 792w\" sizes=\"auto, (max-width: 300px) 100vw, 300px\" \/><\/a>\n\t\t<\/figure>\n\t<\/div>\n\n\t<div class=\"wpb_single_image wpb_content_element vc_align_center  wpb_animate_when_almost_visible wpb_fadeInUp fadeInUp vc_custom_1616595440000  cliente\">\n\t\t\n\t\t<figure class=\"wpb_wrapper vc_figure\">\n\t\t\t<a href=\"https:\/\/www.prismamexico.com\" target=\"_blank\" class=\"vc_single_image-wrapper   vc_box_border_grey\"><img loading=\"lazy\" decoding=\"async\" width=\"300\" height=\"232\" src=\"https:\/\/sunshineinternational.us\/wp-content\/uploads\/2021\/03\/Pale-Locas-300x232.png\" class=\"vc_single_image-img attachment-medium\" alt=\"\" srcset=\"https:\/\/sunshineinternational.us\/wp-content\/uploads\/2021\/03\/Pale-Locas-300x232.png 300w, https:\/\/sunshineinternational.us\/wp-content\/uploads\/2021\/03\/Pale-Locas-768x593.png 768w, https:\/\/sunshineinternational.us\/wp-content\/uploads\/2021\/03\/Pale-Locas.png 792w\" sizes=\"auto, (max-width: 300px) 100vw, 300px\" \/><\/a>\n\t\t<\/figure>\n\t<\/div>\n\n\t<div class=\"wpb_single_image wpb_content_element vc_align_center  wpb_animate_when_almost_visible wpb_fadeInUp fadeInUp vc_custom_1616595489984  cliente\">\n\t\t\n\t\t<figure class=\"wpb_wrapper vc_figure\">\n\t\t\t<a href=\"http:\/\/www.canels.com.mx\/en\/grupo-canels\/confiteria\/\" target=\"_blank\" class=\"vc_single_image-wrapper   vc_box_border_grey\"><img loading=\"lazy\" decoding=\"async\" width=\"300\" height=\"232\" src=\"https:\/\/sunshineinternational.us\/wp-content\/uploads\/2021\/03\/Canels-300x232.png\" class=\"vc_single_image-img attachment-medium\" alt=\"\" srcset=\"https:\/\/sunshineinternational.us\/wp-content\/uploads\/2021\/03\/Canels-300x232.png 300w, https:\/\/sunshineinternational.us\/wp-content\/uploads\/2021\/03\/Canels-768x593.png 768w, https:\/\/sunshineinternational.us\/wp-content\/uploads\/2021\/03\/Canels.png 792w\" sizes=\"auto, (max-width: 300px) 100vw, 300px\" \/><\/a>\n\t\t<\/figure>\n\t<\/div>\n\n\t<div class=\"wpb_single_image wpb_content_element vc_align_center  wpb_animate_when_almost_visible wpb_fadeInUp fadeInUp vc_custom_1616595630444  cliente\">\n\t\t\n\t\t<figure class=\"wpb_wrapper vc_figure\">\n\t\t\t<a href=\"https:\/\/www.instagram.com\/vivelucasmx\/\" target=\"_blank\" class=\"vc_single_image-wrapper   vc_box_border_grey\"><img loading=\"lazy\" decoding=\"async\" width=\"300\" height=\"232\" src=\"https:\/\/sunshineinternational.us\/wp-content\/uploads\/2021\/03\/Lucas-300x232.png\" class=\"vc_single_image-img attachment-medium\" alt=\"\" srcset=\"https:\/\/sunshineinternational.us\/wp-content\/uploads\/2021\/03\/Lucas-300x232.png 300w, https:\/\/sunshineinternational.us\/wp-content\/uploads\/2021\/03\/Lucas-768x593.png 768w, https:\/\/sunshineinternational.us\/wp-content\/uploads\/2021\/03\/Lucas.png 792w\" sizes=\"auto, (max-width: 300px) 100vw, 300px\" \/><\/a>\n\t\t<\/figure>\n\t<\/div>\n\n\t<div class=\"wpb_single_image wpb_content_element vc_align_center  wpb_animate_when_almost_visible wpb_fadeInUp fadeInUp vc_custom_1616595690135  cliente\">\n\t\t\n\t\t<figure class=\"wpb_wrapper vc_figure\">\n\t\t\t<a href=\"https:\/\/www.palopopcorn.com\/\" target=\"_blank\" class=\"vc_single_image-wrapper   vc_box_border_grey\"><img loading=\"lazy\" decoding=\"async\" width=\"300\" height=\"232\" src=\"https:\/\/sunshineinternational.us\/wp-content\/uploads\/2021\/03\/Palo-300x232.png\" class=\"vc_single_image-img attachment-medium\" alt=\"\" srcset=\"https:\/\/sunshineinternational.us\/wp-content\/uploads\/2021\/03\/Palo-300x232.png 300w, https:\/\/sunshineinternational.us\/wp-content\/uploads\/2021\/03\/Palo-768x593.png 768w, https:\/\/sunshineinternational.us\/wp-content\/uploads\/2021\/03\/Palo.png 792w\" sizes=\"auto, (max-width: 300px) 100vw, 300px\" \/><\/a>\n\t\t<\/figure>\n\t<\/div>\n<\/div><\/div><\/div><div class=\"wpb_column vc_column_container vc_col-sm-3\"><div class=\"vc_column-inner\"><div class=\"wpb_wrapper\">\n\t<div class=\"wpb_single_image wpb_content_element vc_align_center  wpb_animate_when_almost_visible wpb_fadeInUp fadeInUp vc_custom_1616595319603  cliente\">\n\t\t\n\t\t<figure class=\"wpb_wrapper vc_figure\">\n\t\t\t<a href=\"https:\/\/www.magdalenasdelasheras.com\/index.php\/en\/\" target=\"_blank\" class=\"vc_single_image-wrapper   vc_box_border_grey\"><img loading=\"lazy\" decoding=\"async\" width=\"300\" height=\"232\" src=\"https:\/\/sunshineinternational.us\/wp-content\/uploads\/2021\/03\/De-Las-Heras-300x232.png\" class=\"vc_single_image-img attachment-medium\" alt=\"\" srcset=\"https:\/\/sunshineinternational.us\/wp-content\/uploads\/2021\/03\/De-Las-Heras-300x232.png 300w, https:\/\/sunshineinternational.us\/wp-content\/uploads\/2021\/03\/De-Las-Heras-768x593.png 768w, https:\/\/sunshineinternational.us\/wp-content\/uploads\/2021\/03\/De-Las-Heras.png 792w\" sizes=\"auto, (max-width: 300px) 100vw, 300px\" \/><\/a>\n\t\t<\/figure>\n\t<\/div>\n\n\t<div class=\"wpb_single_image wpb_content_element vc_align_center  wpb_animate_when_almost_visible wpb_fadeInUp fadeInUp vc_custom_1616595392333  cliente\">\n\t\t\n\t\t<figure class=\"wpb_wrapper vc_figure\">\n\t\t\t<a href=\"https:\/\/www.prismamexico.com\" target=\"_blank\" class=\"vc_single_image-wrapper   vc_box_border_grey\"><img loading=\"lazy\" decoding=\"async\" width=\"300\" height=\"232\" src=\"https:\/\/sunshineinternational.us\/wp-content\/uploads\/2021\/03\/Tamboreta-300x232.png\" class=\"vc_single_image-img attachment-medium\" alt=\"\" srcset=\"https:\/\/sunshineinternational.us\/wp-content\/uploads\/2021\/03\/Tamboreta-300x232.png 300w, https:\/\/sunshineinternational.us\/wp-content\/uploads\/2021\/03\/Tamboreta-768x593.png 768w, https:\/\/sunshineinternational.us\/wp-content\/uploads\/2021\/03\/Tamboreta.png 792w\" sizes=\"auto, (max-width: 300px) 100vw, 300px\" \/><\/a>\n\t\t<\/figure>\n\t<\/div>\n\n\t<div class=\"wpb_single_image wpb_content_element vc_align_center  wpb_animate_when_almost_visible wpb_fadeInUp fadeInUp vc_custom_1616595345648  cliente\">\n\t\t\n\t\t<figure class=\"wpb_wrapper vc_figure\">\n\t\t\t<a href=\"http:\/\/jovycandy.com\" target=\"_blank\" class=\"vc_single_image-wrapper   vc_box_border_grey\"><img loading=\"lazy\" decoding=\"async\" width=\"300\" height=\"232\" src=\"https:\/\/sunshineinternational.us\/wp-content\/uploads\/2021\/03\/Jovy-300x232.png\" class=\"vc_single_image-img attachment-medium\" alt=\"\" srcset=\"https:\/\/sunshineinternational.us\/wp-content\/uploads\/2021\/03\/Jovy-300x232.png 300w, https:\/\/sunshineinternational.us\/wp-content\/uploads\/2021\/03\/Jovy-768x593.png 768w, https:\/\/sunshineinternational.us\/wp-content\/uploads\/2021\/03\/Jovy.png 792w\" sizes=\"auto, (max-width: 300px) 100vw, 300px\" \/><\/a>\n\t\t<\/figure>\n\t<\/div>\n\n\t<div class=\"wpb_single_image wpb_content_element vc_align_center  wpb_animate_when_almost_visible wpb_fadeInUp fadeInUp vc_custom_1616595581973  cliente\">\n\t\t\n\t\t<figure class=\"wpb_wrapper vc_figure\">\n\t\t\t<a href=\"http:\/\/www.lassevillanas.com.mx\/\" target=\"_blank\" class=\"vc_single_image-wrapper   vc_box_border_grey\"><img loading=\"lazy\" decoding=\"async\" width=\"300\" height=\"232\" src=\"https:\/\/sunshineinternational.us\/wp-content\/uploads\/2021\/03\/Las-Sevillanas-300x232.png\" class=\"vc_single_image-img attachment-medium\" alt=\"\" srcset=\"https:\/\/sunshineinternational.us\/wp-content\/uploads\/2021\/03\/Las-Sevillanas-300x232.png 300w, https:\/\/sunshineinternational.us\/wp-content\/uploads\/2021\/03\/Las-Sevillanas-768x593.png 768w, https:\/\/sunshineinternational.us\/wp-content\/uploads\/2021\/03\/Las-Sevillanas.png 792w\" sizes=\"auto, (max-width: 300px) 100vw, 300px\" \/><\/a>\n\t\t<\/figure>\n\t<\/div>\n\n\t<div class=\"wpb_single_image wpb_content_element vc_align_center  wpb_animate_when_almost_visible wpb_fadeInUp fadeInUp vc_custom_1616595647686  cliente\">\n\t\t\n\t\t<figure class=\"wpb_wrapper vc_figure\">\n\t\t\t<a href=\"https:\/\/dulcesdelarosa.com.mx\/en\/nosotros\" target=\"_blank\" class=\"vc_single_image-wrapper   vc_box_border_grey\"><img loading=\"lazy\" decoding=\"async\" width=\"300\" height=\"232\" src=\"https:\/\/sunshineinternational.us\/wp-content\/uploads\/2021\/03\/De-La-Rosa-300x232.png\" class=\"vc_single_image-img attachment-medium\" alt=\"\" srcset=\"https:\/\/sunshineinternational.us\/wp-content\/uploads\/2021\/03\/De-La-Rosa-300x232.png 300w, https:\/\/sunshineinternational.us\/wp-content\/uploads\/2021\/03\/De-La-Rosa-768x593.png 768w, https:\/\/sunshineinternational.us\/wp-content\/uploads\/2021\/03\/De-La-Rosa.png 792w\" sizes=\"auto, (max-width: 300px) 100vw, 300px\" \/><\/a>\n\t\t<\/figure>\n\t<\/div>\n\n\t<div class=\"wpb_single_image wpb_content_element vc_align_center  wpb_animate_when_almost_visible wpb_fadeInUp fadeInUp vc_custom_1616595706644  cliente\">\n\t\t\n\t\t<figure class=\"wpb_wrapper vc_figure\">\n\t\t\t<a href=\"https:\/\/rpfoodsinc.com\/web\/kuii\/\" target=\"_blank\" class=\"vc_single_image-wrapper   vc_box_border_grey\"><img loading=\"lazy\" decoding=\"async\" width=\"300\" height=\"232\" src=\"https:\/\/sunshineinternational.us\/wp-content\/uploads\/2021\/03\/Kuii-300x232.png\" class=\"vc_single_image-img attachment-medium\" alt=\"\" srcset=\"https:\/\/sunshineinternational.us\/wp-content\/uploads\/2021\/03\/Kuii-300x232.png 300w, https:\/\/sunshineinternational.us\/wp-content\/uploads\/2021\/03\/Kuii-768x593.png 768w, https:\/\/sunshineinternational.us\/wp-content\/uploads\/2021\/03\/Kuii.png 792w\" sizes=\"auto, (max-width: 300px) 100vw, 300px\" \/><\/a>\n\t\t<\/figure>\n\t<\/div>\n<\/div><\/div><\/div><div class=\"wpb_column vc_column_container vc_col-sm-3\"><div class=\"vc_column-inner\"><div class=\"wpb_wrapper\">\n\t<div class=\"wpb_single_image wpb_content_element vc_align_center  wpb_animate_when_almost_visible wpb_fadeInUp fadeInUp vc_custom_1616595329656  cliente\">\n\t\t\n\t\t<figure class=\"wpb_wrapper vc_figure\">\n\t\t\t<a href=\"https:\/\/www.arluy.com\/en\/marca\/arluy-en\/\" target=\"_blank\" class=\"vc_single_image-wrapper   vc_box_border_grey\"><img loading=\"lazy\" decoding=\"async\" width=\"300\" height=\"232\" src=\"https:\/\/sunshineinternational.us\/wp-content\/uploads\/2021\/03\/MegaChok-300x232.png\" class=\"vc_single_image-img attachment-medium\" alt=\"\" srcset=\"https:\/\/sunshineinternational.us\/wp-content\/uploads\/2021\/03\/MegaChok-300x232.png 300w, https:\/\/sunshineinternational.us\/wp-content\/uploads\/2021\/03\/MegaChok-768x593.png 768w, https:\/\/sunshineinternational.us\/wp-content\/uploads\/2021\/03\/MegaChok.png 792w\" sizes=\"auto, (max-width: 300px) 100vw, 300px\" \/><\/a>\n\t\t<\/figure>\n\t<\/div>\n\n\t<div class=\"wpb_single_image wpb_content_element vc_align_center  wpb_animate_when_almost_visible wpb_fadeInUp fadeInUp vc_custom_1616595401926  cliente\">\n\t\t\n\t\t<figure class=\"wpb_wrapper vc_figure\">\n\t\t\t<a href=\"https:\/\/www.prismamexico.com\" target=\"_blank\" class=\"vc_single_image-wrapper   vc_box_border_grey\"><img loading=\"lazy\" decoding=\"async\" width=\"300\" height=\"232\" src=\"https:\/\/sunshineinternational.us\/wp-content\/uploads\/2021\/03\/Manchitas-300x232.png\" class=\"vc_single_image-img attachment-medium\" alt=\"\" srcset=\"https:\/\/sunshineinternational.us\/wp-content\/uploads\/2021\/03\/Manchitas-300x232.png 300w, https:\/\/sunshineinternational.us\/wp-content\/uploads\/2021\/03\/Manchitas-768x593.png 768w, https:\/\/sunshineinternational.us\/wp-content\/uploads\/2021\/03\/Manchitas.png 792w\" sizes=\"auto, (max-width: 300px) 100vw, 300px\" \/><\/a>\n\t\t<\/figure>\n\t<\/div>\n\n\t<div class=\"wpb_single_image wpb_content_element vc_align_center  wpb_animate_when_almost_visible wpb_fadeInUp fadeInUp vc_custom_1616595454997  cliente\">\n\t\t\n\t\t<figure class=\"wpb_wrapper vc_figure\">\n\t\t\t<a href=\"https:\/\/olechamoyle.com\/\" target=\"_blank\" class=\"vc_single_image-wrapper   vc_box_border_grey\"><img loading=\"lazy\" decoding=\"async\" width=\"300\" height=\"232\" src=\"https:\/\/sunshineinternational.us\/wp-content\/uploads\/2021\/03\/Ole\u0301-Chamoyle-300x232.png\" class=\"vc_single_image-img attachment-medium\" alt=\"\" srcset=\"https:\/\/sunshineinternational.us\/wp-content\/uploads\/2021\/03\/Ole\u0301-Chamoyle-300x232.png 300w, https:\/\/sunshineinternational.us\/wp-content\/uploads\/2021\/03\/Ole\u0301-Chamoyle-768x593.png 768w, https:\/\/sunshineinternational.us\/wp-content\/uploads\/2021\/03\/Ole\u0301-Chamoyle.png 792w\" sizes=\"auto, (max-width: 300px) 100vw, 300px\" \/><\/a>\n\t\t<\/figure>\n\t<\/div>\n\n\t<div class=\"wpb_single_image wpb_content_element vc_align_center  wpb_animate_when_almost_visible wpb_fadeInUp fadeInUp vc_custom_1616595600796  cliente\">\n\t\t\n\t\t<figure class=\"wpb_wrapper vc_figure\">\n\t\t\t<a href=\"https:\/\/www.dulcesvero.com.mx\/\" target=\"_blank\" class=\"vc_single_image-wrapper   vc_box_border_grey\"><img loading=\"lazy\" decoding=\"async\" width=\"300\" height=\"232\" src=\"https:\/\/sunshineinternational.us\/wp-content\/uploads\/2021\/03\/Vero-300x232.png\" class=\"vc_single_image-img attachment-medium\" alt=\"\" srcset=\"https:\/\/sunshineinternational.us\/wp-content\/uploads\/2021\/03\/Vero-300x232.png 300w, https:\/\/sunshineinternational.us\/wp-content\/uploads\/2021\/03\/Vero-768x593.png 768w, https:\/\/sunshineinternational.us\/wp-content\/uploads\/2021\/03\/Vero.png 792w\" sizes=\"auto, (max-width: 300px) 100vw, 300px\" \/><\/a>\n\t\t<\/figure>\n\t<\/div>\n\n\t<div class=\"wpb_single_image wpb_content_element vc_align_center  wpb_animate_when_almost_visible wpb_fadeInUp fadeInUp vc_custom_1616595662227  cliente\">\n\t\t\n\t\t<figure class=\"wpb_wrapper vc_figure\">\n\t\t\t<a href=\"https:\/\/centurysnacks.com\/wp\/category\/snak-club\/\" target=\"_blank\" class=\"vc_single_image-wrapper   vc_box_border_grey\"><img loading=\"lazy\" decoding=\"async\" width=\"300\" height=\"232\" src=\"https:\/\/sunshineinternational.us\/wp-content\/uploads\/2021\/03\/Snak-Club-300x232.png\" class=\"vc_single_image-img attachment-medium\" alt=\"\" srcset=\"https:\/\/sunshineinternational.us\/wp-content\/uploads\/2021\/03\/Snak-Club-300x232.png 300w, https:\/\/sunshineinternational.us\/wp-content\/uploads\/2021\/03\/Snak-Club-768x593.png 768w, https:\/\/sunshineinternational.us\/wp-content\/uploads\/2021\/03\/Snak-Club.png 792w\" sizes=\"auto, (max-width: 300px) 100vw, 300px\" \/><\/a>\n\t\t<\/figure>\n\t<\/div>\n<\/div><\/div><\/div><div class=\"wpb_column vc_column_container vc_col-sm-3\"><div class=\"vc_column-inner\"><div class=\"wpb_wrapper\">\n\t<div class=\"wpb_single_image wpb_content_element vc_align_center  wpb_animate_when_almost_visible wpb_fadeInUp fadeInUp vc_custom_1616595360811  cliente\">\n\t\t\n\t\t<figure class=\"wpb_wrapper vc_figure\">\n\t\t\t<a href=\"https:\/\/www.prismamexico.com\" target=\"_blank\" class=\"vc_single_image-wrapper   vc_box_border_grey\"><img loading=\"lazy\" decoding=\"async\" width=\"300\" height=\"232\" src=\"https:\/\/sunshineinternational.us\/wp-content\/uploads\/2021\/03\/Zandi-itas-300x232.png\" class=\"vc_single_image-img attachment-medium\" alt=\"\" srcset=\"https:\/\/sunshineinternational.us\/wp-content\/uploads\/2021\/03\/Zandi-itas-300x232.png 300w, https:\/\/sunshineinternational.us\/wp-content\/uploads\/2021\/03\/Zandi-itas-768x593.png 768w, https:\/\/sunshineinternational.us\/wp-content\/uploads\/2021\/03\/Zandi-itas.png 792w\" sizes=\"auto, (max-width: 300px) 100vw, 300px\" \/><\/a>\n\t\t<\/figure>\n\t<\/div>\n\n\t<div class=\"wpb_single_image wpb_content_element vc_align_center  wpb_animate_when_almost_visible wpb_fadeInUp fadeInUp vc_custom_1616595425800  cliente\">\n\t\t\n\t\t<figure class=\"wpb_wrapper vc_figure\">\n\t\t\t<a href=\"https:\/\/www.prismamexico.com\" target=\"_blank\" class=\"vc_single_image-wrapper   vc_box_border_grey\"><img loading=\"lazy\" decoding=\"async\" width=\"300\" height=\"232\" src=\"https:\/\/sunshineinternational.us\/wp-content\/uploads\/2021\/03\/Chupirul-300x232.png\" class=\"vc_single_image-img attachment-medium\" alt=\"\" srcset=\"https:\/\/sunshineinternational.us\/wp-content\/uploads\/2021\/03\/Chupirul-300x232.png 300w, https:\/\/sunshineinternational.us\/wp-content\/uploads\/2021\/03\/Chupirul-768x593.png 768w, https:\/\/sunshineinternational.us\/wp-content\/uploads\/2021\/03\/Chupirul.png 792w\" sizes=\"auto, (max-width: 300px) 100vw, 300px\" \/><\/a>\n\t\t<\/figure>\n\t<\/div>\n\n\t<div class=\"wpb_single_image wpb_content_element vc_align_center  wpb_animate_when_almost_visible wpb_fadeInUp fadeInUp vc_custom_1616595469591  cliente\">\n\t\t\n\t\t<figure class=\"wpb_wrapper vc_figure\">\n\t\t\t<a href=\"http:\/\/uplusaccessories.com\/\" target=\"_blank\" class=\"vc_single_image-wrapper   vc_box_border_grey\"><img loading=\"lazy\" decoding=\"async\" width=\"300\" height=\"232\" src=\"https:\/\/sunshineinternational.us\/wp-content\/uploads\/2021\/03\/UPlus-300x232.png\" class=\"vc_single_image-img attachment-medium\" alt=\"\" srcset=\"https:\/\/sunshineinternational.us\/wp-content\/uploads\/2021\/03\/UPlus-300x232.png 300w, https:\/\/sunshineinternational.us\/wp-content\/uploads\/2021\/03\/UPlus-768x593.png 768w, https:\/\/sunshineinternational.us\/wp-content\/uploads\/2021\/03\/UPlus.png 792w\" sizes=\"auto, (max-width: 300px) 100vw, 300px\" \/><\/a>\n\t\t<\/figure>\n\t<\/div>\n\n\t<div class=\"wpb_single_image wpb_content_element vc_align_center  wpb_animate_when_almost_visible wpb_fadeInUp fadeInUp vc_custom_1616595614474  cliente\">\n\t\t\n\t\t<figure class=\"wpb_wrapper vc_figure\">\n\t\t\t<a href=\"http:\/\/coronado.com.mx\" target=\"_blank\" class=\"vc_single_image-wrapper   vc_box_border_grey\"><img loading=\"lazy\" decoding=\"async\" width=\"300\" height=\"232\" src=\"https:\/\/sunshineinternational.us\/wp-content\/uploads\/2021\/03\/Coronado-300x232.png\" class=\"vc_single_image-img attachment-medium\" alt=\"\" srcset=\"https:\/\/sunshineinternational.us\/wp-content\/uploads\/2021\/03\/Coronado-300x232.png 300w, https:\/\/sunshineinternational.us\/wp-content\/uploads\/2021\/03\/Coronado-768x593.png 768w, https:\/\/sunshineinternational.us\/wp-content\/uploads\/2021\/03\/Coronado.png 792w\" sizes=\"auto, (max-width: 300px) 100vw, 300px\" \/><\/a>\n\t\t<\/figure>\n\t<\/div>\n\n\t<div class=\"wpb_single_image wpb_content_element vc_align_center  wpb_animate_when_almost_visible wpb_fadeInUp fadeInUp vc_custom_1616595674940  cliente\">\n\t\t\n\t\t<figure class=\"wpb_wrapper vc_figure\">\n\t\t\t<a href=\"https:\/\/popdaddypopcorn.com\/\" target=\"_blank\" class=\"vc_single_image-wrapper   vc_box_border_grey\"><img loading=\"lazy\" decoding=\"async\" width=\"300\" height=\"232\" src=\"https:\/\/sunshineinternational.us\/wp-content\/uploads\/2021\/03\/Pop-Daddy-300x232.png\" class=\"vc_single_image-img attachment-medium\" alt=\"\" srcset=\"https:\/\/sunshineinternational.us\/wp-content\/uploads\/2021\/03\/Pop-Daddy-300x232.png 300w, https:\/\/sunshineinternational.us\/wp-content\/uploads\/2021\/03\/Pop-Daddy-768x593.png 768w, https:\/\/sunshineinternational.us\/wp-content\/uploads\/2021\/03\/Pop-Daddy.png 792w\" sizes=\"auto, (max-width: 300px) 100vw, 300px\" \/><\/a>\n\t\t<\/figure>\n\t<\/div>\n<\/div><\/div><\/div><\/div><\/div><\/div><\/div><\/div><\/div><div id=\"footer-bg\" class=\"section clearfix bg-image full-width\"  style=\"background-image: url(https:\/\/sunshineinternational.us\/wp-content\/uploads\/2018\/05\/BG2.png);\"  ><div class=\"vc_row\"><div class=\"wpb_column vc_column_container\"  ><div class=\"wpb_wrapper\"><div class=\"vc_empty_space\"  style=\"height: 100px\" ><span class=\"vc_empty_space_inner\"><\/span><\/div>\n<\/div><\/div><\/div><\/div>","protected":false},"excerpt":{"rendered":"PRODUCTS &amp; SERVICES Sunshine International strives to bring high quality, fun, flavory and innovative products to consumers. We currently carry the variety of products from the trusted brands below. You will also find below our online catalog of products. If you have any further questions, feel free to contact us. PRODUCTS SERVICES BRANDS","protected":false},"author":1,"featured_media":0,"parent":0,"menu_order":0,"comment_status":"closed","ping_status":"closed","template":"","meta":{"footnotes":""},"class_list":["post-2457","page","type-page","status-publish","hentry"],"_links":{"self":[{"href":"https:\/\/sunshineinternational.us\/es\/wp-json\/wp\/v2\/pages\/2457","targetHints":{"allow":["GET"]}}],"collection":[{"href":"https:\/\/sunshineinternational.us\/es\/wp-json\/wp\/v2\/pages"}],"about":[{"href":"https:\/\/sunshineinternational.us\/es\/wp-json\/wp\/v2\/types\/page"}],"author":[{"embeddable":true,"href":"https:\/\/sunshineinternational.us\/es\/wp-json\/wp\/v2\/users\/1"}],"replies":[{"embeddable":true,"href":"https:\/\/sunshineinternational.us\/es\/wp-json\/wp\/v2\/comments?post=2457"}],"version-history":[{"count":53,"href":"https:\/\/sunshineinternational.us\/es\/wp-json\/wp\/v2\/pages\/2457\/revisions"}],"predecessor-version":[{"id":5184,"href":"https:\/\/sunshineinternational.us\/es\/wp-json\/wp\/v2\/pages\/2457\/revisions\/5184"}],"wp:attachment":[{"href":"https:\/\/sunshineinternational.us\/es\/wp-json\/wp\/v2\/media?parent=2457"}],"curies":[{"name":"wp","href":"https:\/\/api.w.org\/{rel}","templated":true}]}}