{"id":3073,"date":"2018-05-29T22:44:51","date_gmt":"2018-05-29T22:44:51","guid":{"rendered":"http:\/\/www.digital21.mx\/sunshine\/?page_id=3073"},"modified":"2020-03-09T16:37:52","modified_gmt":"2020-03-09T16:37:52","slug":"careers","status":"publish","type":"page","link":"https:\/\/sunshineinternational.us\/es\/careers\/","title":{"rendered":"CARRERAS"},"content":{"rendered":"<div id=\"menu-bg\" class=\"section clearfix bg-image full-width\"  style=\"background-image: url(https:\/\/sunshineinternational.us\/wp-content\/uploads\/2018\/05\/BG3.png);\"  ><div class=\"vc_row\"><div class=\"wpb_column vc_column_container\"  ><div class=\"wpb_wrapper\"><div class=\"vc_empty_space\"  style=\"height: 120px\" ><span class=\"vc_empty_space_inner\"><\/span><\/div>\n<\/div><\/div><\/div><\/div><div id=\"top\" class=\"section clearfix bg-image full-width\"  style=\"background-image: url(https:\/\/sunshineinternational.us\/wp-content\/uploads\/2018\/05\/BG3.png);padding-bottom:90px;\"  ><div class=\"container\"><div class=\"vc_row\"><div class=\"wpb_column vc_column_container  bg-image\"   style=\"background-image: url(https:\/\/sunshineinternational.us\/wp-content\/uploads\/2018\/07\/shutterstock_457810702-copy-e1531506790453.jpg);margin-bottom:50px;padding-top:50px;padding-bottom:30px;\"><div class=\"wpb_wrapper\"><div class=\"vc_row wpb_row vc_inner vc_row-fluid\"><div class=\"wpb_column vc_column_container vc_col-sm-4\"><div class=\"vc_column-inner\"><div class=\"wpb_wrapper\">\t\t\n\t\t<div class=\"special-heading clearfix align-left light\" \n\t\t\t\t\t >\n\n\t\t\t\n\t\t\t\t\t\t\t\t\n\t\t\t\t\t\t\t\t\t<h2 class=\"title\">CARRERAS<\/h2>\t\t\t\t\t\n\t\t\t\t\n\t\t\t\t\t\t\t\n\n\t\t\t\n\t\t<\/div>\n\n\t\t\n\t<div class=\"wpb_text_column wpb_content_element  vc_custom_1531245014201 contact-txt\"  >\n\t\t<div class=\"wpb_wrapper\">\n\t\t\t<p>Sunshine International est\u00e1 continuamente buscando individuos motivados para fortalecer nuestro equipo! Si est\u00e1 interesado en una oportunidad profesional cont\u00e1ctenos con la informaci\u00f3n del puesto.<\/p>\n\n\t\t<\/div>\n\t<\/div>\n<\/div><\/div><\/div><div class=\"wpb_column vc_column_container vc_col-sm-4\"><div class=\"vc_column-inner\"><div class=\"wpb_wrapper\"><\/div><\/div><\/div><div class=\"wpb_column vc_column_container vc_col-sm-4\"><div class=\"vc_column-inner\"><div class=\"wpb_wrapper\"><\/div><\/div><\/div><\/div><\/div><\/div><div class=\"wpb_column vc_column_container vc_col-sm-6\"  ><div class=\"wpb_wrapper\"><div class=\"vc_row wpb_row vc_inner vc_row-fluid careerlist\"><div class=\"wpb_column vc_column_container vc_col-sm-6\"><div class=\"vc_column-inner\"><div class=\"wpb_wrapper\">\n\t<div class=\"wpb_text_column wpb_content_element\"  >\n\t\t<div class=\"wpb_wrapper\">\n\t\t\t<ul>\n<li><strong class=\"contact-info\">Austin, Texas.<\/strong><\/li>\n<\/ul>\n<p>Representante de ventas de ruta<\/p>\n<p>&nbsp;<\/p>\n<ul>\n<li><strong class=\"contact-info\">Chillicothe, Ohio<\/strong><\/li>\n<\/ul>\n<p>Representante de ventas de ruta<\/p>\n<p>&nbsp;<\/p>\n<ul>\n<li><strong class=\"contact-info\">Cleveland, Ohio<\/strong><\/li>\n<\/ul>\n<p>Representante de ventas de ruta<\/p>\n<p>&nbsp;<\/p>\n<ul>\n<li><strong class=\"contact-info\">Cincinnati, Ohio<\/strong><\/li>\n<\/ul>\n<p>Representante de ventas de ruta<\/p>\n<p>&nbsp;<\/p>\n<ul>\n<li><strong class=\"contact-info\">Dallas, Texas<\/strong><\/li>\n<\/ul>\n<p>Representante de ventas de ruta<\/p>\n<p>&nbsp;<\/p>\n<ul>\n<li><strong class=\"contact-info\">Detroit, Mich.<\/strong><\/li>\n<\/ul>\n<p>Representante de ventas de ruta<\/p>\n<p>Almac\u00e9n \/ Conductor de entrega (tiempo parcial)<\/p>\n<p>&nbsp;<\/p>\n<ul>\n<li><strong class=\"contact-info\">Gary, Ind.<\/strong><\/li>\n<\/ul>\n<p>Representante de ventas de ruta<\/p>\n\n\t\t<\/div>\n\t<\/div>\n<\/div><\/div><\/div><div class=\"wpb_column vc_column_container vc_col-sm-6\"><div class=\"vc_column-inner\"><div class=\"wpb_wrapper\">\n\t<div class=\"wpb_text_column wpb_content_element\"  >\n\t\t<div class=\"wpb_wrapper\">\n\t\t\t<ul>\n<li><strong class=\"contact-info\">Houston, Texas<\/strong><\/li>\n<\/ul>\n<p>Representante de ventas de ruta<\/p>\n<p>&nbsp;<\/p>\n<ul>\n<li><strong class=\"contact-info\">Indianapolis, Ind.<\/strong><\/li>\n<\/ul>\n<p>Especialista Contable<\/p>\n<p>Conductor de entregas (tiempo parcial)<\/p>\n<p>Representante de ventas de ruta<\/p>\n<p>&nbsp;<\/p>\n<ul>\n<li><strong class=\"contact-info\">Lima, Ohio<\/strong><\/li>\n<\/ul>\n<p>Representante de ventas de ruta<\/p>\n<p>&nbsp;<\/p>\n<ul>\n<li><strong class=\"contact-info\">Sandusky, Ohio<\/strong><\/li>\n<\/ul>\n<p>Representante de ventas de ruta<\/p>\n<p>&nbsp;<\/p>\n<ul>\n<li><strong class=\"contact-info\">South Bend, Ind.<\/strong><\/li>\n<\/ul>\n<p>Representante de ventas de ruta<\/p>\n<p>&nbsp;<\/p>\n<ul>\n<li><strong class=\"contact-info\">Stuebenville, Ohio<\/strong><\/li>\n<\/ul>\n<p>Representante de ventas de ruta<\/p>\n\n\t\t<\/div>\n\t<\/div>\n<\/div><\/div><\/div><\/div><\/div><\/div><div class=\"contact-form wpb_column vc_column_container vc_col-sm-6\"  ><div class=\"wpb_wrapper\">\n\t<div class=\"wpb_text_column wpb_content_element  vc_custom_1527705733331 contact-txt app1\"  >\n\t\t<div class=\"wpb_wrapper\">\n\t\t\t<h3>OBTEN LA APLICACI\u00d3N<\/h3>\n\n\t\t<\/div>\n\t<\/div>\n\n\t\t<div class=\"align-center\" >\n\t\t\t<a href=\"https:\/\/sunshineinternational.us\/wp-content\/uploads\/2018\/06\/Sunshine-International-Application.pdf\"  style=\"margin-bottom:15px;\" target=\"_blank\" \n\t\t\t         class=\"btn  normal solid\" \n\t\t\t\t\t\t  > \n\t\t\t\t\n\t\t\t\t\t\n\t\t\t\tDescarga la app 2018\t\t\t\t\t\t\n\t\t\t<\/a>\n\t\t<\/div>\n\t\t\n\t<div class=\"wpb_text_column wpb_content_element  vc_custom_1527703121791 contact-txt\"  >\n\t\t<div class=\"wpb_wrapper\">\n\t\t\t<p>O contactanos si quieres que te enviemos un email o correo con tu aplicaci\u00f3n.<\/p>\n\n\t\t<\/div>\n\t<\/div>\n\n\t<div class=\"wpb_text_column wpb_content_element  vc_custom_1527705425431 contact-txt\"  >\n\t\t<div class=\"wpb_wrapper\">\n\t\t\t<h3>SUBE TU APLICACI\u00d3N AQUI<\/h3>\n\n\t\t<\/div>\n\t<\/div>\n\n<div class=\"wpcf7 no-js\" id=\"wpcf7-f3076-o1\" lang=\"en-US\" dir=\"ltr\" data-wpcf7-id=\"3076\">\n<div class=\"screen-reader-response\"><p role=\"status\" aria-live=\"polite\" aria-atomic=\"true\"><\/p> <ul><\/ul><\/div>\n<form action=\"\/es\/wp-json\/wp\/v2\/pages\/3073#wpcf7-f3076-o1\" method=\"post\" class=\"wpcf7-form init\" aria-label=\"Contact form\" enctype=\"multipart\/form-data\" novalidate=\"novalidate\" data-status=\"init\" data-trp-original-action=\"\/es\/wp-json\/wp\/v2\/pages\/3073#wpcf7-f3076-o1\">\n<fieldset class=\"hidden-fields-container\"><input type=\"hidden\" name=\"_wpcf7\" value=\"3076\" \/><input type=\"hidden\" name=\"_wpcf7_version\" value=\"6.1.5\" \/><input type=\"hidden\" name=\"_wpcf7_locale\" value=\"en_US\" \/><input type=\"hidden\" name=\"_wpcf7_unit_tag\" value=\"wpcf7-f3076-o1\" \/><input type=\"hidden\" name=\"_wpcf7_container_post\" value=\"0\" \/><input type=\"hidden\" name=\"_wpcf7_posted_data_hash\" value=\"\" \/>\n<\/fieldset>\n<p><span class=\"wpcf7-form-control-wrap\" data-name=\"file-upload\"><input size=\"40\" class=\"wpcf7-form-control wpcf7-file wpcf7-validates-as-required file-upload\" id=\"file-upload\" accept=\".pdf\" aria-required=\"true\" aria-invalid=\"false\" type=\"file\" name=\"file-upload\" \/><\/span>\n<\/p>\n<p><label>Nombre*<br \/>\n<span class=\"wpcf7-form-control-wrap\" data-name=\"your-name\"><input size=\"40\" maxlength=\"400\" class=\"wpcf7-form-control wpcf7-text wpcf7-validates-as-required\" aria-required=\"true\" aria-invalid=\"false\" value=\"\" type=\"text\" name=\"your-name\" \/><\/span> <\/label>\n<\/p>\n<p><label>E-mail*<br \/>\n<span class=\"wpcf7-form-control-wrap\" data-name=\"your-email\"><input size=\"40\" maxlength=\"400\" class=\"wpcf7-form-control wpcf7-email wpcf7-validates-as-required wpcf7-text wpcf7-validates-as-email\" aria-required=\"true\" aria-invalid=\"false\" value=\"\" type=\"email\" name=\"your-email\" \/><\/span> <\/label>\n<\/p>\n<p><input class=\"wpcf7-form-control wpcf7-submit has-spinner\" type=\"submit\" value=\"ENVIAR\" \/>\n<\/p><div class=\"wpcf7-response-output\" aria-hidden=\"true\"><\/div>\n<input type=\"hidden\" name=\"trp-form-language\" value=\"es\"\/><\/form>\n<\/div>\n<div class=\"vc_empty_space\"  style=\"height: 30px\" ><span class=\"vc_empty_space_inner\"><\/span><\/div>\n<\/div><\/div><\/div><\/div><\/div><div id=\"footer-bg\" class=\"section clearfix bg-image full-width\"  style=\"background-image: url(https:\/\/sunshineinternational.us\/wp-content\/uploads\/2018\/05\/BG3.png);\"  ><div class=\"vc_row\"><div class=\"wpb_column vc_column_container\"  ><div class=\"wpb_wrapper\"><div class=\"vc_empty_space\"  style=\"height: 100px\" ><span class=\"vc_empty_space_inner\"><\/span><\/div>\n<\/div><\/div><\/div><\/div>","protected":false},"excerpt":{"rendered":"CAREERS Sunshine International is continuously looking for driven individuals to strengthen our team! If interested in a career opportunity below, please contact us with the position information. Austin, Texas. Route Sales Representative &nbsp; Chillicothe, Ohio Route Sales Representative &nbsp; Cleveland, Ohio Route Sales Representative &nbsp; Cincinnati, Ohio Route Sales Representative &nbsp; Dallas, Texas Route Sales [...]","protected":false},"author":1,"featured_media":0,"parent":0,"menu_order":0,"comment_status":"closed","ping_status":"closed","template":"","meta":{"footnotes":""},"class_list":["post-3073","page","type-page","status-publish","hentry"],"_links":{"self":[{"href":"https:\/\/sunshineinternational.us\/es\/wp-json\/wp\/v2\/pages\/3073","targetHints":{"allow":["GET"]}}],"collection":[{"href":"https:\/\/sunshineinternational.us\/es\/wp-json\/wp\/v2\/pages"}],"about":[{"href":"https:\/\/sunshineinternational.us\/es\/wp-json\/wp\/v2\/types\/page"}],"author":[{"embeddable":true,"href":"https:\/\/sunshineinternational.us\/es\/wp-json\/wp\/v2\/users\/1"}],"replies":[{"embeddable":true,"href":"https:\/\/sunshineinternational.us\/es\/wp-json\/wp\/v2\/comments?post=3073"}],"version-history":[{"count":5,"href":"https:\/\/sunshineinternational.us\/es\/wp-json\/wp\/v2\/pages\/3073\/revisions"}],"predecessor-version":[{"id":5070,"href":"https:\/\/sunshineinternational.us\/es\/wp-json\/wp\/v2\/pages\/3073\/revisions\/5070"}],"wp:attachment":[{"href":"https:\/\/sunshineinternational.us\/es\/wp-json\/wp\/v2\/media?parent=3073"}],"curies":[{"name":"wp","href":"https:\/\/api.w.org\/{rel}","templated":true}]}}