{"id":3657,"date":"2018-07-10T22:11:18","date_gmt":"2018-07-10T22:11:18","guid":{"rendered":"http:\/\/www.digital21.mx\/sunshine\/?page_id=3657"},"modified":"2018-08-09T18:25:50","modified_gmt":"2018-08-09T18:25:50","slug":"distribution","status":"publish","type":"page","link":"https:\/\/sunshineinternational.us\/es\/distribution\/","title":{"rendered":"DISTRIBUCI\u00d3N"},"content":{"rendered":"<div id=\"menu-bg\" class=\"section clearfix bg-image full-width\"  style=\"background-image: url(https:\/\/sunshineinternational.us\/wp-content\/uploads\/2018\/07\/FondoDistribucion.png);\"  ><div class=\"vc_row\"><div class=\"wpb_column vc_column_container\"  ><div class=\"wpb_wrapper\"><div class=\"vc_empty_space\"  style=\"height: 120px\" ><span class=\"vc_empty_space_inner\"><\/span><\/div>\n<\/div><\/div><\/div><\/div><div id=\"top\" class=\"section clearfix bg-image full-width\"  style=\"background-image: url(https:\/\/sunshineinternational.us\/wp-content\/uploads\/2018\/07\/FondoDistribucion.png);padding-top:120px;padding-bottom:90px;\"  ><div class=\"container\"><div class=\"vc_row\"><div class=\"contact-form wpb_column vc_column_container vc_col-sm-6\"  ><div class=\"wpb_wrapper\">\t\t\n\t\t<div class=\"special-heading clearfix align-left light\" \n\t\t\t\t\t >\n\n\t\t\t\n\t\t\t\t\t\t\t\t\n\t\t\t\t\t\t\t\t\t<h2 class=\"title\">DISTRIBUCI\u00d3N<\/h2>\t\t\t\t\t\n\t\t\t\t\n\t\t\t\t\t\t\t\n\n\t\t\t\n\t\t<\/div>\n\n\t\t<div class=\"vc_empty_space\"  style=\"height: 50px\" ><span class=\"vc_empty_space_inner\"><\/span><\/div>\n\n\t<div class=\"wpb_text_column wpb_content_element  pcar\"  >\n\t\t<div class=\"wpb_wrapper\">\n\t\t\t<h5 style=\"text-align: left;\"><strong>VENTAJAS COMPETITIVAS<\/strong><\/h5>\n<p style=\"text-align: left;\">Red de compa\u00f1\u00edas globales que venden o est\u00e1n interesadas en vender sus productos en toda Am\u00e9rica del Norte. Conf\u00edan en Sunshine International para comercializar, vender y distribuir sus productos.<\/p>\n<p>&nbsp;<\/p>\n<p>Equipo experimentado en negocios internacionales e importaci\u00f3n de bienes de consumo. Continuamente negociamos y encontramos el pr\u00f3ximo producto divertido e innovador para llevar a los consumidores.<\/p>\n<p>&nbsp;<\/p>\n<p>Miembros del equipo bi-cultural cuentan con a\u00f1os de experiencia en sus campos. Capaces de analizar y actuar en funci\u00f3n de las necesidades del creciente y cambiante consumidor estadounidense.<\/p>\n<p>&nbsp;<\/p>\n<p>Contamos con varios canales de distribuci\u00f3n Direct-To-Store (DSD) y Cross Dock o entrega en almac\u00e9n. Con alcance desde Texas hasta Canad\u00e1.<\/p>\n<p>&nbsp;<\/p>\n<p>Sistema de punto de venta (POS) actualizado para brindar un servicio eficiente y preciso cuando lo necesite. Los datos se recopilan y analizan para seguir mejorando y proporcionar el mejor servicio y productos.<\/p>\n\n\t\t<\/div>\n\t<\/div>\n\n\t<div class=\"wpb_raw_code wpb_content_element wpb_raw_html\">\n\t\t<div class=\"wpb_wrapper\">\n\t\t\t<iframe loading=\"lazy\" src=\"https:\/\/www.google.com\/maps\/d\/embed?mid=1l5qixpEUWamhWgehkWWeHWmP6dI\" width=\"100%\" height=\"400\"><\/iframe>\n\t\t<\/div>\n\t<\/div>\n\n\t<div class=\"wpb_text_column wpb_content_element  vc_custom_1526659733309 markers\"  >\n\t\t<div class=\"wpb_wrapper\">\n\t\t\t<p><strong><img loading=\"lazy\" decoding=\"async\" class=\"alignnone size-full wp-image-2727\" src=\"https:\/\/sunshineinternational.us\/wp-content\/uploads\/2018\/05\/Marker-Blue-e1526660250533.png\" alt=\"\" width=\"28\" height=\"37\" \/><\/strong>\u00a0<strong>Oficina<\/strong>\u00a0 \u00a0 \u00a0\u00a0<img loading=\"lazy\" decoding=\"async\" class=\"alignnone size-full wp-image-2728\" src=\"https:\/\/sunshineinternational.us\/wp-content\/uploads\/2018\/05\/Marker-Green-e1526660242973.png\" alt=\"\" width=\"28\" height=\"37\" \/>\u00a0<strong>Oficina \/ Almac\u00e9n<\/strong>\u00a0 \u00a0 \u00a0\u00a0<img loading=\"lazy\" decoding=\"async\" class=\"alignnone size-full wp-image-2729\" src=\"https:\/\/sunshineinternational.us\/wp-content\/uploads\/2018\/05\/Marker-Orange-e1526660231616.png\" alt=\"\" width=\"28\" height=\"37\" \/>\u00a0<strong>Dep\u00f3sito<\/strong><\/p>\n\n\t\t<\/div>\n\t<\/div>\n<\/div><\/div><div class=\"wpb_column vc_column_container vc_col-sm-6\"  ><div class=\"wpb_wrapper\">\n\t<div class=\"wpb_single_image wpb_content_element vc_align_left\">\n\t\t\n\t\t<figure class=\"wpb_wrapper vc_figure\">\n\t\t\t<div class=\"vc_single_image-wrapper   vc_box_border_grey\"><img loading=\"lazy\" decoding=\"async\" width=\"720\" height=\"480\" src=\"https:\/\/sunshineinternational.us\/wp-content\/uploads\/2018\/07\/shutterstock_781754284-e1531506771198.jpg\" class=\"vc_single_image-img attachment-large\" alt=\"\" srcset=\"https:\/\/sunshineinternational.us\/wp-content\/uploads\/2018\/07\/shutterstock_781754284-e1531506771198.jpg 720w, https:\/\/sunshineinternational.us\/wp-content\/uploads\/2018\/07\/shutterstock_781754284-e1531506771198-300x200.jpg 300w\" sizes=\"auto, (max-width: 720px) 100vw, 720px\" \/><\/div>\n\t\t<\/figure>\n\t<\/div>\n<div class=\"vc_empty_space\"  style=\"height: 50px\" ><span class=\"vc_empty_space_inner\"><\/span><\/div>\n<div class=\"vc_row wpb_row vc_inner vc_row-fluid\"><div class=\"wpb_column vc_column_container vc_col-sm-6\"><div class=\"vc_column-inner\"><div class=\"wpb_wrapper\">\n\t<div class=\"wpb_text_column wpb_content_element\"  >\n\t\t<div class=\"wpb_wrapper\">\n\t\t\t<p><strong class=\"contact-info\">ESTADOS UNIDOS:<\/strong><\/p>\n<p>&nbsp;<\/p>\n<p><span style=\"font-weight: 400;\">Carrollton, Texas<\/span><\/p>\n<p><span style=\"font-weight: 400;\">Cincinnati, Ohio<\/span><\/p>\n<p><span style=\"font-weight: 400;\">Cleveland, Ohio<\/span><\/p>\n<p><span style=\"font-weight: 400;\">Columbus, Ohio<\/span><\/p>\n<p><span style=\"font-weight: 400;\">Farmington Hills, Mich.<\/span><\/p>\n<p><span style=\"font-weight: 400;\">Indianapolis, Ind.<\/span><\/p>\n<p><span style=\"font-weight: 400;\">San Diego, Calif.<\/span><\/p>\n<p><span style=\"font-weight: 400;\">Laredo, Texas<\/span><\/p>\n\n\t\t<\/div>\n\t<\/div>\n<\/div><\/div><\/div><div class=\"wpb_column vc_column_container vc_col-sm-6\"><div class=\"vc_column-inner\"><div class=\"wpb_wrapper\">\n\t<div class=\"wpb_text_column wpb_content_element\"  >\n\t\t<div class=\"wpb_wrapper\">\n\t\t\t<p><strong class=\"contact-info\">INTERNACIONAL:<\/strong><\/p>\n<p>&nbsp;<\/p>\n<p><span style=\"font-weight: 400;\">Madrid, Spain<\/span><\/p>\n<p><span style=\"font-weight: 400;\">Mexico City, Mexico<\/span><\/p>\n<p><span style=\"font-weight: 400;\">Toronto, Canada<\/span><\/p>\n<p><span style=\"font-weight: 400;\">Vancouver, Canada<\/span><\/p>\n\n\t\t<\/div>\n\t<\/div>\n<\/div><\/div><\/div><\/div><\/div><\/div><\/div><\/div><\/div><div id=\"footer-bg\" class=\"section clearfix bg-image full-width\"  style=\"background-image: url(https:\/\/sunshineinternational.us\/wp-content\/uploads\/2018\/07\/FondoDistribucion.png);\"  ><div class=\"vc_row\"><div class=\"wpb_column vc_column_container  bg-image\"   style=\"background-image: url(https:\/\/sunshineinternational.us\/wp-content\/uploads\/2018\/07\/FondoDistribucion.png);\"><div class=\"wpb_wrapper\"><div class=\"vc_empty_space\"  style=\"height: 100px\" ><span class=\"vc_empty_space_inner\"><\/span><\/div>\n<\/div><\/div><\/div><\/div>","protected":false},"excerpt":{"rendered":"DISTRIBUTION COMPETITIVE ADVANTAGES Network of global companies selling or interested in selling their products throughout North America. They trust Sunshine International to Market, Sell and Distribute their goods. &nbsp; Experienced team in international business and import of consumer goods. Continually negotiating and finding the next fun and innovative product to bring to consumers. &nbsp; Bi-Cultural [...]","protected":false},"author":1,"featured_media":0,"parent":0,"menu_order":6,"comment_status":"closed","ping_status":"closed","template":"","meta":{"footnotes":""},"class_list":["post-3657","page","type-page","status-publish","hentry"],"_links":{"self":[{"href":"https:\/\/sunshineinternational.us\/es\/wp-json\/wp\/v2\/pages\/3657","targetHints":{"allow":["GET"]}}],"collection":[{"href":"https:\/\/sunshineinternational.us\/es\/wp-json\/wp\/v2\/pages"}],"about":[{"href":"https:\/\/sunshineinternational.us\/es\/wp-json\/wp\/v2\/types\/page"}],"author":[{"embeddable":true,"href":"https:\/\/sunshineinternational.us\/es\/wp-json\/wp\/v2\/users\/1"}],"replies":[{"embeddable":true,"href":"https:\/\/sunshineinternational.us\/es\/wp-json\/wp\/v2\/comments?post=3657"}],"version-history":[{"count":6,"href":"https:\/\/sunshineinternational.us\/es\/wp-json\/wp\/v2\/pages\/3657\/revisions"}],"predecessor-version":[{"id":3982,"href":"https:\/\/sunshineinternational.us\/es\/wp-json\/wp\/v2\/pages\/3657\/revisions\/3982"}],"wp:attachment":[{"href":"https:\/\/sunshineinternational.us\/es\/wp-json\/wp\/v2\/media?parent=3657"}],"curies":[{"name":"wp","href":"https:\/\/api.w.org\/{rel}","templated":true}]}}