{"id":3918,"date":"2018-08-06T17:55:38","date_gmt":"2018-08-06T17:55:38","guid":{"rendered":"https:\/\/sunshineinternational.us\/?page_id=3918"},"modified":"2019-01-15T23:06:20","modified_gmt":"2019-01-15T23:06:20","slug":"services","status":"publish","type":"page","link":"https:\/\/sunshineinternational.us\/es\/products-services\/services\/","title":{"rendered":"SERVICIOS"},"content":{"rendered":"<div id=\"menu-bg\" class=\"section clearfix bg-image full-width\"  style=\"background-image: url(https:\/\/sunshineinternational.us\/wp-content\/uploads\/2018\/05\/BG2.png);\"  ><div class=\"vc_row\"><div class=\"wpb_column vc_column_container\"  ><div class=\"wpb_wrapper\"><div class=\"vc_empty_space\"  style=\"height: 120px\" ><span class=\"vc_empty_space_inner\"><\/span><\/div>\n<\/div><\/div><\/div><\/div><div id=\"top\" class=\"section clearfix bg-image full-width\"  style=\"background-image: url(https:\/\/sunshineinternational.us\/wp-content\/uploads\/2018\/05\/BG2.png);\"  ><div class=\"container\"><div class=\"vc_row\"><div class=\"contact-form wpb_column vc_column_container vc_col-sm-6\"  ><div class=\"wpb_wrapper\">\t\t\n\t\t<div class=\"special-heading clearfix align-left light\" \n\t\t\t\t\t >\n\n\t\t\t\n\t\t\t\t\t\t\t\t\n\t\t\t\t\t\t\t\t\t<h2 class=\"title\">SERVICIOS<\/h2>\t\t\t\t\t\n\t\t\t\t\n\t\t\t\t\t\t\t\n\n\t\t\t\n\t\t<\/div>\n\n\t\t<\/div><\/div><div class=\"wpb_column vc_column_container vc_col-sm-6\"  ><div class=\"wpb_wrapper\">\n\t<div class=\"wpb_text_column wpb_content_element  contact-txt\"  >\n\t\t<div class=\"wpb_wrapper\">\n\t\t\t<p>Sunshine International se esfuerza por ofrecer productos de alta calidad, divertidos, sabrosos e innovadores para los consumidores. Actualmente ofrecemos variedad de productos a marcas de confianza. Tambi\u00e9n encontrar\u00e1 a continuaci\u00f3n nuestro cat\u00e1logo de productos en l\u00ednea. Si tiene alguna pregunta, no dude en <a href=\"https:\/\/sunshineinternational.us\/contact\/\">contactarnos<\/a>.<\/p>\n\n\t\t<\/div>\n\t<\/div>\n<\/div><\/div><\/div><\/div><\/div><div  class=\"section clearfix bg-image full-width\"  style=\"background-image: url(https:\/\/sunshineinternational.us\/wp-content\/uploads\/2018\/05\/BG2.png);padding-top:50px;padding-bottom:90px;\"  ><div class=\"container\"><div class=\"vc_row\"><div class=\"contact-form wpb_column vc_column_container vc_col-sm-6\"  ><div class=\"wpb_wrapper\">\n\t<div class=\"wpb_single_image wpb_content_element vc_align_center\">\n\t\t\n\t\t<figure class=\"wpb_wrapper vc_figure\">\n\t\t\t<div class=\"vc_single_image-wrapper   vc_box_border_grey\"><img loading=\"lazy\" decoding=\"async\" width=\"720\" height=\"523\" src=\"https:\/\/sunshineinternational.us\/wp-content\/uploads\/2018\/07\/Las-Sevillanas-Wire-Rack.jpg\" class=\"vc_single_image-img attachment-full\" alt=\"\" srcset=\"https:\/\/sunshineinternational.us\/wp-content\/uploads\/2018\/07\/Las-Sevillanas-Wire-Rack.jpg 720w, https:\/\/sunshineinternational.us\/wp-content\/uploads\/2018\/07\/Las-Sevillanas-Wire-Rack-300x218.jpg 300w\" sizes=\"auto, (max-width: 720px) 100vw, 720px\" \/><\/div>\n\t\t<\/figure>\n\t<\/div>\n\n\t<div class=\"wpb_text_column wpb_content_element  vc_custom_1533579329171\"  >\n\t\t<div class=\"wpb_wrapper\">\n\t\t\t<h4 style=\"text-align: center;\">RACK LAS SEVILLANAS<\/h4>\n<p style=\"text-align: center;\">Uso: Para mantener todos los elementos PEG y mostrar exhibidores<\/p>\n<p style=\"text-align: center;\">Marca: Las Sevillanas Tama\u00f1o: 59 \u2033 x 14 \u2033 x 7 \u2033<\/p>\n\n\t\t<\/div>\n\t<\/div>\n<\/div><\/div><div class=\"wpb_column vc_column_container vc_col-sm-6\"  ><div class=\"wpb_wrapper\">\n\t<div class=\"wpb_single_image wpb_content_element vc_align_center\">\n\t\t\n\t\t<figure class=\"wpb_wrapper vc_figure\">\n\t\t\t<div class=\"vc_single_image-wrapper   vc_box_border_grey\"><img loading=\"lazy\" decoding=\"async\" width=\"720\" height=\"523\" src=\"https:\/\/sunshineinternational.us\/wp-content\/uploads\/2018\/07\/Las-Sevillanas-Dump-Bin.jpg\" class=\"vc_single_image-img attachment-full\" alt=\"\" srcset=\"https:\/\/sunshineinternational.us\/wp-content\/uploads\/2018\/07\/Las-Sevillanas-Dump-Bin.jpg 720w, https:\/\/sunshineinternational.us\/wp-content\/uploads\/2018\/07\/Las-Sevillanas-Dump-Bin-300x218.jpg 300w\" sizes=\"auto, (max-width: 720px) 100vw, 720px\" \/><\/div>\n\t\t<\/figure>\n\t<\/div>\n\n\t<div class=\"wpb_text_column wpb_content_element  vc_custom_1533579458194\"  >\n\t\t<div class=\"wpb_wrapper\">\n\t\t\t<h4 style=\"text-align: center;\">DUMP BIN LAS SEVILLANAS<\/h4>\n<p style=\"text-align: center;\">Uso: Para mantener todos los elementos PEG y mostrar exhibidores<\/p>\n<p style=\"text-align: center;\">Marca: Las Sevillanas Tama\u00f1o: 62 1\/2 \u2033 x 24 1\/2 \u2033 x 20 1\/2 \u2033<\/p>\n\n\t\t<\/div>\n\t<\/div>\n<\/div><\/div><div class=\"wpb_column vc_column_container vc_col-sm-6\"  ><div class=\"wpb_wrapper\">\n\t<div class=\"wpb_single_image wpb_content_element vc_align_center\">\n\t\t\n\t\t<figure class=\"wpb_wrapper vc_figure\">\n\t\t\t<div class=\"vc_single_image-wrapper   vc_box_border_grey\"><img loading=\"lazy\" decoding=\"async\" width=\"720\" height=\"523\" src=\"https:\/\/sunshineinternational.us\/wp-content\/uploads\/2018\/07\/Boing-Table-Talker.jpg\" class=\"vc_single_image-img attachment-full\" alt=\"\" srcset=\"https:\/\/sunshineinternational.us\/wp-content\/uploads\/2018\/07\/Boing-Table-Talker.jpg 720w, https:\/\/sunshineinternational.us\/wp-content\/uploads\/2018\/07\/Boing-Table-Talker-300x218.jpg 300w\" sizes=\"auto, (max-width: 720px) 100vw, 720px\" \/><\/div>\n\t\t<\/figure>\n\t<\/div>\n\n\t<div class=\"wpb_text_column wpb_content_element  vc_custom_1533579480120\"  >\n\t\t<div class=\"wpb_wrapper\">\n\t\t\t<h4 style=\"text-align: center;\">TABLE TALKER BOING<\/h4>\n<p style=\"text-align: center;\">Uso: Para mostrar BOING! Botella, ladrillo o Triangulito<\/p>\n<p style=\"text-align: center;\">Marca: BOING! Tama\u00f1o: 5 \u2033 x 7 \u2033<\/p>\n\n\t\t<\/div>\n\t<\/div>\n<\/div><\/div><div class=\"wpb_column vc_column_container vc_col-sm-6\"  ><div class=\"wpb_wrapper\">\n\t<div class=\"wpb_single_image wpb_content_element vc_align_center\">\n\t\t\n\t\t<figure class=\"wpb_wrapper vc_figure\">\n\t\t\t<div class=\"vc_single_image-wrapper   vc_box_border_grey\"><img loading=\"lazy\" decoding=\"async\" width=\"720\" height=\"523\" src=\"https:\/\/sunshineinternational.us\/wp-content\/uploads\/2018\/07\/Boing-Shipper.jpg\" class=\"vc_single_image-img attachment-full\" alt=\"\" srcset=\"https:\/\/sunshineinternational.us\/wp-content\/uploads\/2018\/07\/Boing-Shipper.jpg 720w, https:\/\/sunshineinternational.us\/wp-content\/uploads\/2018\/07\/Boing-Shipper-300x218.jpg 300w\" sizes=\"auto, (max-width: 720px) 100vw, 720px\" \/><\/div>\n\t\t<\/figure>\n\t<\/div>\n\n\t<div class=\"wpb_text_column wpb_content_element  vc_custom_1545329520354\"  >\n\t\t<div class=\"wpb_wrapper\">\n\t\t\t<h4 style=\"text-align: center;\">SHIPPER BOING<\/h4>\n<p style=\"text-align: center;\">Uso: Colocar sobre la mesa en establecimientos de comida.<\/p>\n<p style=\"text-align: center;\">Marca: BOING! Tama\u00f1o: 67 3\/4 \"x 14 7\/8\" x 17 1\/2 \"<\/p>\n\n\t\t<\/div>\n\t<\/div>\n<\/div><\/div><\/div><\/div><\/div><div  class=\"section clearfix bg-image full-width\"  style=\"background-image: url(https:\/\/sunshineinternational.us\/wp-content\/uploads\/2018\/05\/BG2.png);padding-top:50px;padding-bottom:90px;\"  ><div class=\"container\"><div class=\"vc_row\"><div class=\"wpb_column vc_column_container\"   style=\"margin-bottom:50px;\"><div class=\"wpb_wrapper\">\t\t\n\t\t<div class=\"special-heading clearfix align-center light\" \n\t\t\t\t\t >\n\n\t\t\t\n\t\t\t\t\t\t\t\t\n\t\t\t\t\t\t\t\t\t<h2 class=\"title\">VIDEOS<\/h2>\t\t\t\t\t\n\t\t\t\t\n\t\t\t\t\t\t\t\n\n\t\t\t\n\t\t<\/div>\n\n\t\t<\/div><\/div><div class=\"contact-form wpb_column vc_column_container vc_col-sm-6\"  ><div class=\"wpb_wrapper\"><div style=\"width: 640px;\" class=\"wp-video\"><video class=\"wp-video-shortcode\" id=\"video-3918-1\" width=\"640\" height=\"360\" poster=\"https:\/\/sunshineinternational.us\/wp-content\/uploads\/2018\/12\/Boing-Video.png\" preload=\"metadata\" controls=\"controls\"><source type=\"video\/mp4\" src=\"https:\/\/sunshineinternational.us\/wp-content\/uploads\/2019\/01\/Boing-Ingles_1.mp4?_=1\" \/><source type=\"video\/mp4\" src=\"https:\/\/sunshineinternational.us\/wp-content\/uploads\/2018\/12\/Boing_Sunshine.mp4?_=1\" \/><a href=\"https:\/\/sunshineinternational.us\/wp-content\/uploads\/2019\/01\/Boing-Ingles_1.mp4\">https:\/\/sunshineinternational.us\/wp-content\/uploads\/2019\/01\/Boing-Ingles_1.mp4<\/a><\/video><\/div>\n\t<div class=\"wpb_text_column wpb_content_element  vc_custom_1545329541224\"  >\n\t\t<div class=\"wpb_wrapper\">\n\t\t\t<h4 style=\"text-align: center;\">BOING!<\/h4>\n<p style=\"text-align: center;\">\u00a1BOING! es una garant\u00eda de calidad, y est\u00e1 siendo distribuido en los Estados Unidos por nuestro equipo. <a href=\"https:\/\/sunshineinternational.us\">nuestro equipo.<\/a>.<\/p>\n\n\t\t<\/div>\n\t<\/div>\n<\/div><\/div><div class=\"wpb_column vc_column_container vc_col-sm-6\"  ><div class=\"wpb_wrapper\"><\/div><\/div><div class=\"wpb_column vc_column_container vc_col-sm-6\"  ><div class=\"wpb_wrapper\"><\/div><\/div><div class=\"wpb_column vc_column_container vc_col-sm-6\"  ><div class=\"wpb_wrapper\"><\/div><\/div><\/div><\/div><\/div><div id=\"footer-bg\" class=\"section clearfix bg-image full-width\"  style=\"background-image: url(https:\/\/sunshineinternational.us\/wp-content\/uploads\/2018\/05\/BG2.png);\"  ><div class=\"vc_row\"><div class=\"wpb_column vc_column_container\"  ><div class=\"wpb_wrapper\"><div class=\"vc_empty_space\"  style=\"height: 100px\" ><span class=\"vc_empty_space_inner\"><\/span><\/div>\n<\/div><\/div><\/div><\/div>","protected":false},"excerpt":{"rendered":"SERVICES Sunshine International strives to bring high quality, fun, flavory and innovative products to consumers. We currently carry the variety of products from the trusted brands below. You will also find below our online catalog of products. If you have any further questions, feel free to contact us. LAS SEVILLANAS WIRE RACK Use: To hold [...]","protected":false},"author":1,"featured_media":0,"parent":2457,"menu_order":0,"comment_status":"closed","ping_status":"closed","template":"","meta":{"footnotes":""},"class_list":["post-3918","page","type-page","status-publish","hentry"],"_links":{"self":[{"href":"https:\/\/sunshineinternational.us\/es\/wp-json\/wp\/v2\/pages\/3918","targetHints":{"allow":["GET"]}}],"collection":[{"href":"https:\/\/sunshineinternational.us\/es\/wp-json\/wp\/v2\/pages"}],"about":[{"href":"https:\/\/sunshineinternational.us\/es\/wp-json\/wp\/v2\/types\/page"}],"author":[{"embeddable":true,"href":"https:\/\/sunshineinternational.us\/es\/wp-json\/wp\/v2\/users\/1"}],"replies":[{"embeddable":true,"href":"https:\/\/sunshineinternational.us\/es\/wp-json\/wp\/v2\/comments?post=3918"}],"version-history":[{"count":29,"href":"https:\/\/sunshineinternational.us\/es\/wp-json\/wp\/v2\/pages\/3918\/revisions"}],"predecessor-version":[{"id":4341,"href":"https:\/\/sunshineinternational.us\/es\/wp-json\/wp\/v2\/pages\/3918\/revisions\/4341"}],"up":[{"embeddable":true,"href":"https:\/\/sunshineinternational.us\/es\/wp-json\/wp\/v2\/pages\/2457"}],"wp:attachment":[{"href":"https:\/\/sunshineinternational.us\/es\/wp-json\/wp\/v2\/media?parent=3918"}],"curies":[{"name":"wp","href":"https:\/\/api.w.org\/{rel}","templated":true}]}}