{"id":512,"date":"2013-09-17T21:52:06","date_gmt":"2013-09-17T21:52:06","guid":{"rendered":"http:\/\/foiclecandadigital.com\/fl_\/?page_id=512"},"modified":"2018-08-09T18:30:25","modified_gmt":"2018-08-09T18:30:25","slug":"about","status":"publish","type":"page","link":"https:\/\/sunshineinternational.us\/es\/about\/","title":{"rendered":"NOSOTROS"},"content":{"rendered":"<div id=\"menu-bg\" class=\"section clearfix bg-image full-width\"  style=\"background-image: url(https:\/\/sunshineinternational.us\/wp-content\/uploads\/2018\/05\/BG-e1526926867719.png);\"  ><div class=\"vc_row\"><div class=\"wpb_column vc_column_container\"  ><div class=\"wpb_wrapper\"><div class=\"vc_empty_space\"  style=\"height: 120px\" ><span class=\"vc_empty_space_inner\"><\/span><\/div>\n<\/div><\/div><\/div><\/div><div id=\"top\" class=\"section clearfix bg-image full-width\"  style=\"background-image: url(https:\/\/sunshineinternational.us\/wp-content\/uploads\/2018\/05\/BG-e1526926867719.png);\"  ><div class=\"container\"><div class=\"vc_row\"><div class=\"who-we-are about-bg wpb_column vc_column_container vc_col-sm-6  bg-image no-padding bg-overlay\"   style=\"background-image: url(https:\/\/sunshineinternational.us\/wp-content\/uploads\/2018\/05\/shutterstock_196036844-e1531507505376.jpg);\"><div class=\"bg-color-overlay\"  style=\"background-color: rgba(0,0,0,0.15);\" ><\/div><div class=\"wpb_wrapper\">\t\t\n\t\t<div class=\"special-heading clearfix align-left light\" \n\t\t\t\t\t >\n\n\t\t\t\n\t\t\t\t\t\t\t\t\n\t\t\t\t\t\t\t\t\t<h2 class=\"title translation-block\">\u00bfQUIENES SOMOS?<\/h2>\t\t\t\t\t\n\t\t\t\t\n\t\t\t\t\t\t\t\n\n\t\t\t\n\t\t<\/div>\n\n\t\t<\/div><\/div><div class=\"about-bg wpb_column vc_column_container vc_col-sm-6  bg-image no-padding\"   style=\"background-image: url(https:\/\/sunshineinternational.us\/wp-content\/uploads\/2018\/05\/shutterstock_324617768-1-e1531506970781.jpg);padding-left:0px !Important;padding-right:0px !Important;\"><div class=\"wpb_wrapper\"><div class=\"vc_empty_space\"  style=\"height: 250px\" ><span class=\"vc_empty_space_inner\"><\/span><\/div>\n<\/div><\/div><\/div><\/div><\/div><div  class=\"section clearfix bg-image full-width\"  style=\"background-image: url(https:\/\/sunshineinternational.us\/wp-content\/uploads\/2018\/05\/BG-e1526926867719.png);\"  ><div class=\"container\"><div class=\"vc_row\"><div class=\"wpb_column vc_column_container vc_col-sm-6\"   style=\"padding-top:20px;\"><div class=\"wpb_wrapper\">\n\t<div class=\"wpb_text_column wpb_content_element  about-main-txt\"  >\n\t\t<div class=\"wpb_wrapper\">\n\t\t\t<p style=\"text-align: justify;\">Sunshine es l\u00edder en ventas, mercado y distribuci\u00f3n de bienes de consumo de alta calidad en los Estados Unidos. Con m\u00e1s de 25 a\u00f1os en la industria, Sunshine International comprende profundamente el mercado hispano en los Estados Unidos y las tendencias de consumo de productos de los consumidores..<\/p>\n<p>&nbsp;<\/p>\n<p style=\"text-align: justify;\">Con capacidades tecnol\u00f3gicas de vanguardia, excelentes personas, una red de distribuci\u00f3n expansiva, estamos posicionados para brindar soluciones de venta a minoristas, mayoristas y soluciones de servicio de alimentos a nuestros clientes.<\/p>\n<p>&nbsp;<\/p>\n<p style=\"text-align: justify;\">Sunshine International se fund\u00f3 con principios de integridad, responsabilidad y resultados. Con una organizaci\u00f3n de primer nivel y con profesionales talentosos y apasionados, buscamos brindar la m\u00e1s alta calidad, valor y servicio.<\/p>\n\n\t\t<\/div>\n\t<\/div>\n<\/div><\/div><div class=\"homecall about-bloqs wpb_column vc_column_container vc_col-sm-6  no-padding\"   style=\"padding-left:0px !Important;padding-right:0px !Important;\"><div class=\"wpb_wrapper\"><div class=\"vc_row wpb_row vc_inner vc_row-fluid\"><div class=\"plus about-bloq wpb_column vc_column_container vc_col-sm-4 vc_col-has-fill\"><div class=\"vc_column-inner vc_custom_1526945787308\"><div class=\"wpb_wrapper\">\t\t\n\t\t<div class=\"promo extended  clearfix  light\" \n\t\t\t >\n\t\t\t\t\t\t\t\t\n\t\t\t\t\t\t\n\t\t\t\n\t\t\t\t\t\t<div class=\"promo-text\">\n\t\t\t\t\t\t\n\t\t\t<h2>VENTAS<\/h2>\n\t\t\t\n\t\t\t\t\t\t\n\t\t\t\t\t\t<\/div>\t\t\t\n\t\t\t\t\n\t\t\t\t\t\t\t\n\t\t\t\t\t\t\n\t\t\t<div class=\"promo-action clearfix\"> \n\t\t\t\t\n\t\t\t\t\t\t\t\t\t<a href=\"#sales\"  \n\t\t\t\t\t   class=\"btn btn-scroll  bordered-white slide-effect-theme\">\n\t\t\t\t\t\t   Leer m\u00e1s\t\t\t\t\t<\/a> \n\t\t\t\t\t\t\t\t\t\n                \t\t\t\t\n\t\t\t<\/div>\t\n\t\t\t\n\t\t<\/div>  \n\n\t\n\t\t\n\t\t<\/div><\/div><\/div><div class=\"plus about-bloq wpb_column vc_column_container vc_col-sm-4 vc_col-has-fill\"><div class=\"vc_column-inner vc_custom_1526945791650\"><div class=\"wpb_wrapper\">\t\t\n\t\t<div class=\"promo extended  clearfix  light\" \n\t\t\t >\n\t\t\t\t\t\t\t\t\n\t\t\t\t\t\t\n\t\t\t\n\t\t\t\t\t\t<div class=\"promo-text\">\n\t\t\t\t\t\t\n\t\t\t<h2>MERCADOTECNIA<\/h2>\n\t\t\t\n\t\t\t\t\t\t\n\t\t\t\t\t\t<\/div>\t\t\t\n\t\t\t\t\n\t\t\t\t\t\t\t\n\t\t\t\t\t\t\n\t\t\t<div class=\"promo-action clearfix\"> \n\t\t\t\t\n\t\t\t\t\t\t\t\t\t<a href=\"#marketing\"  \n\t\t\t\t\t   class=\"btn btn-scroll  bordered-white slide-effect-theme\">\n\t\t\t\t\t\t   Leer m\u00e1s\t\t\t\t\t<\/a> \n\t\t\t\t\t\t\t\t\t\n                \t\t\t\t\n\t\t\t<\/div>\t\n\t\t\t\n\t\t<\/div>  \n\n\t\n\t\t\n\t\t<\/div><\/div><\/div><div class=\"about-bloq wpb_column vc_column_container vc_col-sm-4 vc_col-has-fill\"><div class=\"vc_column-inner vc_custom_1526945795392\"><div class=\"wpb_wrapper\">\t\t\n\t\t<div class=\"promo extended  clearfix  light\" \n\t\t\t >\n\t\t\t\t\t\t\t\t\n\t\t\t\t\t\t\n\t\t\t\n\t\t\t\t\t\t<div class=\"promo-text\">\n\t\t\t\t\t\t\n\t\t\t<h2>DISTRIBUCI\u00d3N<\/h2>\n\t\t\t\n\t\t\t\t\t\t\n\t\t\t\t\t\t<\/div>\t\t\t\n\t\t\t\t\n\t\t\t\t\t\t\t\n\t\t\t\t\t\t\n\t\t\t<div class=\"promo-action clearfix\"> \n\t\t\t\t\n\t\t\t\t\t\t\t\t\t<a href=\"#distribution\"  \n\t\t\t\t\t   class=\"btn btn-scroll  bordered-white slide-effect-theme\">\n\t\t\t\t\t\t   Leer m\u00e1s\t\t\t\t\t<\/a> \n\t\t\t\t\t\t\t\t\t\n                \t\t\t\t\n\t\t\t<\/div>\t\n\t\t\t\n\t\t<\/div>  \n\n\t\n\t\t\n\t\t<\/div><\/div><\/div><div class=\"about-bloq wpb_column vc_column_container vc_col-sm-12 vc_col-has-fill\"><div class=\"vc_column-inner vc_custom_1526945799838\"><div class=\"wpb_wrapper\">\t\t\n\t\t<div class=\"promo extended  clearfix  light\" \n\t\t\t >\n\t\t\t\t\t\t\t\t\n\t\t\t\t\t\t\n\t\t\t\n\t\t\t\t\t\t<div class=\"promo-text\">\n\t\t\t\t\t\t\n\t\t\t<h2>TECNOLOG\u00cdA<\/h2>\n\t\t\t\n\t\t\t\t\t\t\n\t\t\t\t\t\t<\/div>\t\t\t\n\t\t\t\t\n\t\t\t\t\t\t\t\n\t\t\t\t\t\t\n\t\t\t<div class=\"promo-action clearfix\"> \n\t\t\t\t\n\t\t\t\t\t\t\t\t\t<a href=\"#technology\"  \n\t\t\t\t\t   class=\"btn btn-scroll  bordered-white slide-effect-theme\">\n\t\t\t\t\t\t   Leer m\u00e1s\t\t\t\t\t<\/a> \n\t\t\t\t\t\t\t\t\t\n                \t\t\t\t\n\t\t\t<\/div>\t\n\t\t\t\n\t\t<\/div>  \n\n\t\n\t\t\n\t\t<\/div><\/div><\/div><\/div><\/div><\/div><\/div><\/div><\/div><div id=\"sales\" class=\"section clearfix bg-image full-width\"  style=\"background-image: url(https:\/\/sunshineinternational.us\/wp-content\/uploads\/2018\/05\/BG-e1526926867719.png);padding-top:50px;\"  ><div class=\"container\"><div class=\"vc_row\"><div class=\"wpb_column vc_column_container vc_col-sm-6  bg-image no-padding\"   style=\"background-image: url(https:\/\/sunshineinternational.us\/wp-content\/uploads\/2018\/05\/shutterstock_513792328-e1531506960398.jpg);\"><div class=\"wpb_wrapper\"><div class=\"vc_empty_space\"  style=\"height: 200px\" ><span class=\"vc_empty_space_inner\"><\/span><\/div>\n<\/div><\/div><div class=\"about-txt-wrap wpb_column vc_column_container vc_col-sm-6\"   style=\"background-color:#662d90;padding-top:20px;padding-bottom:20px;padding-left:40px;padding-right:40px;\"><div class=\"wpb_wrapper\">\n\t<div class=\"wpb_text_column wpb_content_element  vc_custom_1526997713760 about-txt\"  >\n\t\t<div class=\"wpb_wrapper\">\n\t\t\t<h3>VENTAS<\/h3>\n<p style=\"text-align: justify;\">Nuestro equipo de profesionales experimentados en ventas ofrece productos de alta calidad a cadenas nacionales, cuentas regionales, tiendas independientes y franquicias en los Estados Unidos de Am\u00e9rica.<\/p>\n<p>&nbsp;<\/p>\n<p style=\"text-align: justify;\">Brindamos servicio de excelencia, comercializaci\u00f3n, material PDV y soporte a trav\u00e9s de demostraciones, promociones y ejecuciones en material punto de venta.<\/p>\n\n\t\t<\/div>\n\t<\/div>\n<\/div><\/div><\/div><\/div><\/div><div id=\"marketing\" class=\"section clearfix bg-image full-width\"  style=\"background-image: url(https:\/\/sunshineinternational.us\/wp-content\/uploads\/2018\/05\/BG-e1526926867719.png);padding-top:50px;\"  ><div class=\"container\"><div class=\"vc_row\"><div class=\"wpb_column vc_column_container vc_col-sm-6  bg-image no-padding\"   style=\"background-image: url(https:\/\/sunshineinternational.us\/wp-content\/uploads\/2018\/05\/shutterstock_760885423-1-e1531506982556.jpg);\"><div class=\"wpb_wrapper\"><div class=\"vc_empty_space\"  style=\"height: 200px\" ><span class=\"vc_empty_space_inner\"><\/span><\/div>\n<\/div><\/div><div class=\"about-txt-wrap wpb_column vc_column_container vc_col-sm-6\"   style=\"background-color:#1b75bb;padding-top:20px;padding-bottom:20px;padding-left:40px;padding-right:40px;\"><div class=\"wpb_wrapper\">\n\t<div class=\"wpb_text_column wpb_content_element  vc_custom_1532367755918 about-txt\"  >\n\t\t<div class=\"wpb_wrapper\">\n\t\t\t<h3>MERCADOTECNIA<\/h3>\n<p style=\"text-align: justify;\">El experimentado, bicultural y creativo grupo de marketing de Sunshine trabaja en posicionar marcas y productos en las tiendas correctas y en la mente de los consumidores.<\/p>\n<p>&nbsp;<\/p>\n<p style=\"text-align: justify;\">El correcto desarrollo y la colocaci\u00f3n de materiales de marketing y actividades promocionales es clave para desarrollar la marca y perfeccionar el conocimiento del producto.<\/p>\n\n\t\t<\/div>\n\t<\/div>\n<\/div><\/div><\/div><\/div><\/div><div id=\"distribution\" class=\"section clearfix bg-image full-width\"  style=\"background-image: url(https:\/\/sunshineinternational.us\/wp-content\/uploads\/2018\/05\/BG-e1526926867719.png);padding-top:50px;\"  ><div class=\"container\"><div class=\"vc_row\"><div class=\"about-bg wpb_column vc_column_container vc_col-sm-6  bg-image no-padding\"   style=\"background-image: url(https:\/\/sunshineinternational.us\/wp-content\/uploads\/2018\/05\/shutterstock_214144393-e1531506934518.jpg);\"><div class=\"wpb_wrapper\"><div class=\"vc_empty_space\"  style=\"height: 200px\" ><span class=\"vc_empty_space_inner\"><\/span><\/div>\n<\/div><\/div><div class=\"about-txt-wrap wpb_column vc_column_container vc_col-sm-6\"   style=\"background-color:#bd1e2d;padding-top:20px;padding-bottom:20px;padding-left:40px;padding-right:40px;\"><div class=\"wpb_wrapper\">\n\t<div class=\"wpb_text_column wpb_content_element  about-txt\"  >\n\t\t<div class=\"wpb_wrapper\">\n\t\t\t<h3>DISTRIBUCI\u00d3N<\/h3>\n<p style=\"text-align: justify;\">Servicio de excelencia a trav\u00e9s del canal DSD y entregas Cross-Dock es clave para nuestro \u00e9xito y el de nuestros socios.<\/p>\n<p>&nbsp;<\/p>\n<p style=\"text-align: justify;\">Proporcionamos la distribuci\u00f3n DSD (Direct Store Delivery) y Warehouse (Cross - Dock) a cuentas y tiendas clave en los Estados Unidos y Canad\u00e1. Llegamos a m\u00e1s de 8 estados en los Estados Unidos a trav\u00e9s de un modelo DSD y a m\u00e1s de 10,000 puntos de venta a trav\u00e9s de nuestros socios.<\/p>\n\n\t\t<\/div>\n\t<\/div>\n<\/div><\/div><\/div><\/div><\/div><div id=\"technology\" class=\"section clearfix bg-image vc_row-o-full-height full-width\"  style=\"background-image: url(https:\/\/sunshineinternational.us\/wp-content\/uploads\/2018\/05\/BG-e1526926867719.png);padding-top:50px;\"  ><div class=\"container\"><div class=\"vc_row\"><div class=\"wpb_column vc_column_container vc_col-sm-6  bg-image no-padding\"   style=\"background-image: url(https:\/\/sunshineinternational.us\/wp-content\/uploads\/2018\/05\/shutterstock_507130699-e1531506925105.jpg);\"><div class=\"wpb_wrapper\"><div class=\"vc_empty_space\"  style=\"height: 200px\" ><span class=\"vc_empty_space_inner\"><\/span><\/div>\n<\/div><\/div><div class=\"about-txt-wrap wpb_column vc_column_container vc_col-sm-6\"   style=\"background-color:#3eb24f;padding-top:20px;padding-bottom:20px;padding-left:40px;padding-right:40px;\"><div class=\"wpb_wrapper\">\n\t<div class=\"wpb_text_column wpb_content_element  about-txt\"  >\n\t\t<div class=\"wpb_wrapper\">\n\t\t\t<h3>TECNOLOG\u00cdA<\/h3>\n<p style=\"text-align: justify;\">Sunshine International ofrece una gran gama de servicios que utilizan la m\u00e1s actualizada tecnolog\u00eda. Utilizando dispositivos de mano hasta tabletas para administrar ventas, inventarios y contabilidad. Nuestro sistema recopila informaci\u00f3n sobre movimientos y venta de productos dentro de grupos de clientes o tiendas espec\u00edficas, y eso nos permite pronosticar mejor las necesidades de nuestros clientes.<\/p>\n<p>&nbsp;<\/p>\n<p style=\"text-align: justify;\">Con la ayuda de la tecnolog\u00eda, podemos proporcionar un servicio de calidad. Los clientes pueden confiar en que siempre tendremos el producto correcto en el momento adecuado.<\/p>\n\n\t\t<\/div>\n\t<\/div>\n<\/div><\/div><\/div><\/div><\/div><div  class=\"section clearfix bg-image full-width\"  style=\"background-image: url(https:\/\/sunshineinternational.us\/wp-content\/uploads\/2018\/05\/BG-e1526926867719.png);\"  ><div class=\"vc_row\"><div class=\"wpb_column vc_column_container\"  ><div class=\"wpb_wrapper\"><div class=\"vc_empty_space\"  style=\"height: 50px\" ><span class=\"vc_empty_space_inner\"><\/span><\/div>\n<\/div><\/div><\/div><\/div><div id=\"footer-bg\" class=\"section clearfix bg-image full-width\"  style=\"background-image: url(https:\/\/sunshineinternational.us\/wp-content\/uploads\/2018\/05\/BG-e1526926867719.png);\"  ><div class=\"vc_row\"><div class=\"wpb_column vc_column_container\"  ><div class=\"wpb_wrapper\"><div class=\"vc_empty_space\"  style=\"height: 100px\" ><span class=\"vc_empty_space_inner\"><\/span><\/div>\n<\/div><\/div><\/div><\/div>","protected":false},"excerpt":{"rendered":"WHO WE ARE Sunshine is a leader in sales, marketing and distribution of high quality consumer goods in the US. With 25+ years in the industry, Sunshine International deeply understands the US Hispanic market and the Hispanic product consumption trends of mainstream consumers. &nbsp; With leading edge technological capabilities, great people, expansive distribution network we [...]","protected":false},"author":1,"featured_media":0,"parent":0,"menu_order":5,"comment_status":"closed","ping_status":"closed","template":"","meta":{"footnotes":""},"class_list":["post-512","page","type-page","status-publish","hentry"],"_links":{"self":[{"href":"https:\/\/sunshineinternational.us\/es\/wp-json\/wp\/v2\/pages\/512","targetHints":{"allow":["GET"]}}],"collection":[{"href":"https:\/\/sunshineinternational.us\/es\/wp-json\/wp\/v2\/pages"}],"about":[{"href":"https:\/\/sunshineinternational.us\/es\/wp-json\/wp\/v2\/types\/page"}],"author":[{"embeddable":true,"href":"https:\/\/sunshineinternational.us\/es\/wp-json\/wp\/v2\/users\/1"}],"replies":[{"embeddable":true,"href":"https:\/\/sunshineinternational.us\/es\/wp-json\/wp\/v2\/comments?post=512"}],"version-history":[{"count":6,"href":"https:\/\/sunshineinternational.us\/es\/wp-json\/wp\/v2\/pages\/512\/revisions"}],"predecessor-version":[{"id":3984,"href":"https:\/\/sunshineinternational.us\/es\/wp-json\/wp\/v2\/pages\/512\/revisions\/3984"}],"wp:attachment":[{"href":"https:\/\/sunshineinternational.us\/es\/wp-json\/wp\/v2\/media?parent=512"}],"curies":[{"name":"wp","href":"https:\/\/api.w.org\/{rel}","templated":true}]}}